{"id":258,"date":"2018-01-22T10:17:40","date_gmt":"2018-01-22T14:17:40","guid":{"rendered":"http:\/\/alcaldiasosua.gob.do\/transparencia\/?page_id=258"},"modified":"2024-10-31T09:25:45","modified_gmt":"2024-10-31T13:25:45","slug":"responsable-de-acceso-a-la-informacion","status":"publish","type":"page","link":"https:\/\/ayuntamientososua.gob.do\/transparencia\/responsable-de-acceso-a-la-informacion\/","title":{"rendered":"Responsable de Acceso a la Informaci\u00f3n"},"content":{"rendered":"<p><strong>Nilka Joelina Ovalle G\u00f3mez <\/strong><br>Enc. Oficina de Libre Acceso a la Informaci\u00f3n P\u00fablica<br>Ayuntamiento Municipal de Sos\u00faa<\/p>\n<p>809-571-1220<br>829-819-6341<\/p>\n<p>Calle 16 Agosto No.13, El Batey, Sosua, Rep. Dom<\/p>\n<p>Libreinformacion@sosua.gob.do<\/p>\n<p>ayuntamientososua01@gmail.com<\/p>\n<p class=\"paragraph ng-attr-widget\"><\/p>\n\n\n<p><a href=\"https:\/\/acrobat.adobe.com\/id\/urn:aaid:sc:VA6C2:6620455d-1d9d-403b-861d-dd6436519f32\">https:\/\/acrobat.adobe.com\/id\/urn:aaid:sc:VA6C2:6620455d-1d9d-403b-861d-dd6436519f32<\/a><\/p>\n\n\n\n<figure class=\"wp-block-gallery has-nested-images columns-default is-cropped\">\n<figure class=\"wp-block-image size-large\"><img loading=\"lazy\" width=\"700\" height=\"1003\" data-id=\"2085\"  src=\"https:\/\/ayuntamientososua.gob.do\/transparencia\/wp-content\/uploads\/2024\/10\/WhatsApp-Image-2024-10-30-at-2.32.09-PM-700x1003.jpeg\" alt=\"\" class=\"wp-image-2085\" srcset=\"https:\/\/ayuntamientososua.gob.do\/transparencia\/wp-content\/uploads\/2024\/10\/WhatsApp-Image-2024-10-30-at-2.32.09-PM-700x1003.jpeg 700w, https:\/\/ayuntamientososua.gob.do\/transparencia\/wp-content\/uploads\/2024\/10\/WhatsApp-Image-2024-10-30-at-2.32.09-PM-250x358.jpeg 250w, https:\/\/ayuntamientososua.gob.do\/transparencia\/wp-content\/uploads\/2024\/10\/WhatsApp-Image-2024-10-30-at-2.32.09-PM-768x1101.jpeg 768w, https:\/\/ayuntamientososua.gob.do\/transparencia\/wp-content\/uploads\/2024\/10\/WhatsApp-Image-2024-10-30-at-2.32.09-PM-1071x1536.jpeg 1071w, https:\/\/ayuntamientososua.gob.do\/transparencia\/wp-content\/uploads\/2024\/10\/WhatsApp-Image-2024-10-30-at-2.32.09-PM-120x172.jpeg 120w, https:\/\/ayuntamientososua.gob.do\/transparencia\/wp-content\/uploads\/2024\/10\/WhatsApp-Image-2024-10-30-at-2.32.09-PM.jpeg 1158w\" sizes=\"(max-width: 700px) 100vw, 700px\" \/><\/figure>\n\n\n\n<figure class=\"wp-block-image size-large\"><img loading=\"lazy\" width=\"700\" height=\"933\" data-id=\"2072\"  src=\"https:\/\/ayuntamientososua.gob.do\/transparencia\/wp-content\/uploads\/2024\/10\/WhatsApp-Image-2024-10-29-at-1.17.22-PM-1-700x933.jpeg\" alt=\"\" class=\"wp-image-2072\" srcset=\"https:\/\/ayuntamientososua.gob.do\/transparencia\/wp-content\/uploads\/2024\/10\/WhatsApp-Image-2024-10-29-at-1.17.22-PM-1-700x933.jpeg 700w, https:\/\/ayuntamientososua.gob.do\/transparencia\/wp-content\/uploads\/2024\/10\/WhatsApp-Image-2024-10-29-at-1.17.22-PM-1-250x333.jpeg 250w, https:\/\/ayuntamientososua.gob.do\/transparencia\/wp-content\/uploads\/2024\/10\/WhatsApp-Image-2024-10-29-at-1.17.22-PM-1-768x1024.jpeg 768w, https:\/\/ayuntamientososua.gob.do\/transparencia\/wp-content\/uploads\/2024\/10\/WhatsApp-Image-2024-10-29-at-1.17.22-PM-1-1152x1536.jpeg 1152w, https:\/\/ayuntamientososua.gob.do\/transparencia\/wp-content\/uploads\/2024\/10\/WhatsApp-Image-2024-10-29-at-1.17.22-PM-1-120x160.jpeg 120w, https:\/\/ayuntamientososua.gob.do\/transparencia\/wp-content\/uploads\/2024\/10\/WhatsApp-Image-2024-10-29-at-1.17.22-PM-1.jpeg 1200w\" sizes=\"(max-width: 700px) 100vw, 700px\" \/><\/figure>\n<\/figure>\n\n\n","protected":false},"excerpt":{"rendered":"Nilka Joelina Ovalle G\u00f3mez Enc. Oficina de Libre Acceso a la Informaci\u00f3n P\u00fablicaAyuntamiento Municipal de Sos\u00faa 809-571-1220829-819-6341 Calle 16 Agosto No.13, El Batey, Sosua, Rep. Dom Libreinformacion@sosua.gob.do ayuntamientososua01@gmail.com https:\/\/acrobat.adobe.com\/id\/urn:aaid:sc:VA6C2:6620455d-1d9d-403b-861d-dd6436519f32","protected":false},"author":4,"featured_media":0,"parent":0,"menu_order":0,"comment_status":"closed","ping_status":"closed","template":"","meta":[],"acf":[],"_links":{"self":[{"href":"https:\/\/ayuntamientososua.gob.do\/transparencia\/wp-json\/wp\/v2\/pages\/258"}],"collection":[{"href":"https:\/\/ayuntamientososua.gob.do\/transparencia\/wp-json\/wp\/v2\/pages"}],"about":[{"href":"https:\/\/ayuntamientososua.gob.do\/transparencia\/wp-json\/wp\/v2\/types\/page"}],"author":[{"embeddable":true,"href":"https:\/\/ayuntamientososua.gob.do\/transparencia\/wp-json\/wp\/v2\/users\/4"}],"replies":[{"embeddable":true,"href":"https:\/\/ayuntamientososua.gob.do\/transparencia\/wp-json\/wp\/v2\/comments?post=258"}],"version-history":[{"count":9,"href":"https:\/\/ayuntamientososua.gob.do\/transparencia\/wp-json\/wp\/v2\/pages\/258\/revisions"}],"predecessor-version":[{"id":2090,"href":"https:\/\/ayuntamientososua.gob.do\/transparencia\/wp-json\/wp\/v2\/pages\/258\/revisions\/2090"}],"wp:attachment":[{"href":"https:\/\/ayuntamientososua.gob.do\/transparencia\/wp-json\/wp\/v2\/media?parent=258"}],"curies":[{"name":"wp","href":"https:\/\/api.w.org\/{rel}","templated":true}]}}